{"id":4528,"date":"2021-11-18T07:43:07","date_gmt":"2021-11-18T04:43:07","guid":{"rendered":"https:\/\/www.gozlemhukuk.com\/hukuk\/?page_id=4528"},"modified":"2022-10-24T06:33:36","modified_gmt":"2022-10-24T03:33:36","slug":"hakkimizda","status":"publish","type":"page","link":"https:\/\/www.gozlemhukuk.com\/hukuk\/hakkimizda\/","title":{"rendered":"Hakk\u0131m\u0131zda"},"content":{"rendered":"\t\t<div data-elementor-type=\"wp-page\" data-elementor-id=\"4528\" class=\"elementor elementor-4528\">\n\t\t\t\t\t\t\t\t\t<section class=\"elementor-section elementor-top-section elementor-element elementor-element-727c1be elementor-section-boxed elementor-section-height-default elementor-section-height-default rt-parallax-bg-no\" data-id=\"727c1be\" data-element_type=\"section\">\n\t\t\t\t\t\t<div class=\"elementor-container elementor-column-gap-default\">\n\t\t\t\t\t<div class=\"elementor-column elementor-col-100 elementor-top-column elementor-element elementor-element-7402d63\" data-id=\"7402d63\" data-element_type=\"column\">\n\t\t\t<div class=\"elementor-widget-wrap elementor-element-populated\">\n\t\t\t\t\t\t\t\t<section class=\"elementor-section elementor-inner-section elementor-element elementor-element-8aff071 elementor-section-boxed elementor-section-height-default elementor-section-height-default rt-parallax-bg-no\" data-id=\"8aff071\" data-element_type=\"section\">\n\t\t\t\t\t\t<div class=\"elementor-container elementor-column-gap-default\">\n\t\t\t\t\t<div class=\"elementor-column elementor-col-50 elementor-inner-column elementor-element elementor-element-9ab2b0c\" data-id=\"9ab2b0c\" data-element_type=\"column\">\n\t\t\t<div class=\"elementor-widget-wrap elementor-element-populated\">\n\t\t\t\t\t\t\t\t<div class=\"elementor-element elementor-element-2a4a17a elementor-widget elementor-widget-rt-text-with-button\" data-id=\"2a4a17a\" data-element_type=\"widget\" data-widget_type=\"rt-text-with-button.default\">\n\t\t\t\t<div class=\"elementor-widget-container\">\n\t\t\t<div class=\"title-text-button barshow text-style1\">\n\t\n\t\t\t<h4 class=\"subtitle style2\">G\u00d6ZLEM HUKUK B\u00dcROSU<span class=\"title-bar1\"><\/span><span class=\"title-bar2\"><\/span><\/h4>\n\t\t\t\t<h2 class=\"section-title\">Hukuk Alan\u0131nda 20+ Y\u0131ll\u0131k Deneyim<\/h2>\t<div class=\"section-content\"><p>G\u00f6zlem Hukuk B\u00fcrosu, vizyonu geni\u015f, deneyimli, dinamik avukat kadrosu ve personeli ile talepleriniz do\u011frultusunda \u00e7\u00f6z\u00fcm odakl\u0131 hukuki destek ve dan\u0131\u015fmanl\u0131k hizmeti vermek \u00fczere; do\u011fruluk ve d\u00fcr\u00fcstl\u00fck prensiplerine ba\u011fl\u0131 olarak adaletin sa\u011flanmas\u0131 inanc\u0131 \u00fczerine kurulmu\u015ftur.<\/p><p>Bug\u00fcn geni\u015f bir \u00e7er\u00e7evede hukuk hizmeti veren G\u00f6zlem Hukuk B\u00fcrosu, en verimli \u015fekilde \u00e7\u00f6z\u00fcme ula\u015fmak amac\u0131 ile \u00e7al\u0131\u015fma alanlar\u0131na g\u00f6re uzmanla\u015fm\u0131\u015f departmanlara ayr\u0131larak organize olmu\u015ftur. G\u00f6zlem Hukuk B\u00fcrosunun avukatlar\u0131, herkesin hukuksal sorununu, mesle\u011fin en y\u00fcksek standartlar\u0131na g\u00f6re ele alarak, m\u00fcvekkillerinin de\u011fi\u015fen hukuki ihtiya\u00e7lar\u0131na en do\u011fru ve en h\u0131zl\u0131 \u015fekilde cevap vermeyi taahh\u00fct ederler.<\/p><p>M\u00fcvekkillerinin her a\u015famada, hukuki meselelerinin kar\u015f\u0131l\u0131kl\u0131 anla\u015fma (sulh) ile neticelendirilmesi de dahil olmak \u00fczere, konu hakk\u0131ndaki her t\u00fcrl\u00fc g\u00f6r\u00fc\u015f\u00fcn\u00fc, G\u00f6zlem Hukuk B\u00fcrosu avukatlar\u0131 g\u00f6z \u00f6n\u00fcnde bulundurur.<\/p><p>Hukuk b\u00fcromuz, uluslararas\u0131 hukuk vizyonuna sahip, evrensel insan haklar\u0131 ilkelerine ba\u011fl\u0131 olarak m\u00fcvekkillerin adalet aray\u0131\u015flar\u0131nda profesyonel yard\u0131m\u0131 ve deste\u011fi sunmak \u00fczere hizmet vermeye devam etmektedir.<\/p><\/div>\n\t<\/div>\t\t<\/div>\n\t\t\t\t<\/div>\n\t\t\t\t<div class=\"elementor-element elementor-element-421b589 elementor-widget elementor-widget-rt-info-box\" data-id=\"421b589\" data-element_type=\"widget\" data-widget_type=\"rt-info-box.default\">\n\t\t\t\t<div class=\"elementor-widget-container\">\n\t\t\t<div class=\"info-box info-style2\">\n\t<div class=\"info-item  media-image\">\n\t\t<div class=\"info-media\">\n\t\t\t\t\t            \n\t\t\t\t<span class=\"info-img\"><a href=\"https:\/\/www.gozlemhukuk.com\/hukuk\/iletisim\/\"><img loading=\"lazy\" decoding=\"async\" width=\"44\" height=\"46\" src=\"https:\/\/www.gozlemhukuk.com\/hukuk\/wp-content\/uploads\/2021\/10\/figure77.png\" class=\"attachment-thumbnail size-thumbnail\" alt=\"\" \/><\/a><\/span>  \n\t\t\t\t\n\t\t<\/div>\n\t\t<div class=\"info-content media-body\">\n\t\t\t\t\t\t\t<h3 class=\"info-title\"><a href=\"https:\/\/www.gozlemhukuk.com\/hukuk\/iletisim\/\">Profesyonel Kadro<\/a><\/h3>\n\t\t\t\t\t\t\t\t\t\t<div class=\"info-text\">Hukuki Yard\u0131ma m\u0131 ihtiyac\u0131n\u0131z var? Avukatlar\u0131m\u0131zla \u0130leti\u015fime Ge\u00e7in!<\/div>\n\t\t\t\t\t\t\t\t<\/div>\n\t<\/div>\n<\/div>\t\t<\/div>\n\t\t\t\t<\/div>\n\t\t\t\t\t<\/div>\n\t\t<\/div>\n\t\t\t\t<div class=\"elementor-column elementor-col-50 elementor-inner-column elementor-element elementor-element-65c0cae\" data-id=\"65c0cae\" data-element_type=\"column\">\n\t\t\t<div class=\"elementor-widget-wrap elementor-element-populated\">\n\t\t\t\t\t\t\t\t<div class=\"elementor-element elementor-element-23a17eb elementor-hidden-tablet elementor-hidden-mobile elementor-widget elementor-widget-rt-image\" data-id=\"23a17eb\" data-element_type=\"widget\" data-widget_type=\"rt-image.default\">\n\t\t\t\t<div class=\"elementor-widget-container\">\n\t\t\t\n<div class=\"image-default image-style3 motion-effects-wrap\">\n\t<div class=\"image-box\">\n\t\t<ul class=\"about-shape d-none d-xl-block\">\n\t\t\t<li class=\"wow fadeInRight motion-effects1\" data-wow-delay=\"300ms\" data-wow-duration=\"800ms\"><img loading=\"lazy\" decoding=\"async\" src=\"https:\/\/www.gozlemhukuk.com\/hukuk\/wp-content\/themes\/hukuk\/assets\/element\/figure74.png\" width=\"121\" height=\"104\" alt=\"\"><\/li>\n\t\t\t<li class=\"wow fadeInRight\" data-wow-delay=\"300ms\" data-wow-duration=\"800ms\"><img loading=\"lazy\" decoding=\"async\" src=\"https:\/\/www.gozlemhukuk.com\/hukuk\/wp-content\/themes\/hukuk\/assets\/element\/figure75.png\" width=\"139\" height=\"417\" alt=\"\"><\/li>\n\t\t\t<li class=\"wow fadeInUp motion-effects3\" data-wow-delay=\"300ms\" data-wow-duration=\"800ms\"><img loading=\"lazy\" decoding=\"async\" src=\"https:\/\/www.gozlemhukuk.com\/hukuk\/wp-content\/themes\/hukuk\/assets\/element\/figure73.png\" width=\"167\" height=\"167\" alt=\"\"><\/li>\n\t\t\t<li class=\"motion-effects6\"><\/li>\n\t\t<\/ul>\n\t\t<img decoding=\"async\" src=\"https:\/\/www.gozlemhukuk.com\/hukuk\/wp-content\/uploads\/elementor\/thumbs\/consulation1-pwzx3lh9pfvv1nbygyt7cthzo6xlxef7u7b7vdfbaw.png\" title=\"consulation1\" alt=\"consulation1\" \/>\t<\/div>\n<\/div>\t\t<\/div>\n\t\t\t\t<\/div>\n\t\t\t\t\t<\/div>\n\t\t<\/div>\n\t\t\t\t\t\t\t<\/div>\n\t\t<\/section>\n\t\t\t\t\t<\/div>\n\t\t<\/div>\n\t\t\t\t\t\t\t<\/div>\n\t\t<\/section>\n\t\t\t\t\t\t\t<\/div>\n\t\t","protected":false},"excerpt":{"rendered":"<p>G\u00d6ZLEM HUKUK B\u00dcROSU Hukuk Alan\u0131nda 20+ Y\u0131ll\u0131k Deneyim G\u00f6zlem Hukuk B\u00fcrosu, vizyonu geni\u015f, deneyimli, dinamik avukat kadrosu ve personeli ile talepleriniz do\u011frultusunda \u00e7\u00f6z\u00fcm odakl\u0131 hukuki destek ve dan\u0131\u015fmanl\u0131k hizmeti vermek \u00fczere; do\u011fruluk ve d\u00fcr\u00fcstl\u00fck prensiplerine ba\u011fl\u0131 olarak adaletin sa\u011flanmas\u0131 inanc\u0131 \u00fczerine kurulmu\u015ftur. Bug\u00fcn geni\u015f bir \u00e7er\u00e7evede hukuk hizmeti veren G\u00f6zlem Hukuk B\u00fcrosu, en verimli \u015fekilde [&hellip;]<\/p>\n","protected":false},"author":1,"featured_media":0,"parent":0,"menu_order":0,"comment_status":"closed","ping_status":"closed","template":"elementor_header_footer","meta":{"footnotes":""},"class_list":["post-4528","page","type-page","status-publish","hentry"],"yoast_head":"<!-- This site is optimized with the Yoast SEO plugin v19.9 - https:\/\/yoast.com\/wordpress\/plugins\/seo\/ -->\n<title>Hakk\u0131m\u0131zda - G\u00f6zlem Hukuk B\u00fcrosu<\/title>\n<meta name=\"robots\" content=\"index, follow, max-snippet:-1, max-image-preview:large, max-video-preview:-1\" \/>\n<link rel=\"canonical\" href=\"https:\/\/www.gozlemhukuk.com\/hukuk\/hakkimizda\/\" \/>\n<meta property=\"og:locale\" content=\"tr_TR\" \/>\n<meta property=\"og:type\" content=\"article\" \/>\n<meta property=\"og:title\" content=\"Hakk\u0131m\u0131zda - G\u00f6zlem Hukuk B\u00fcrosu\" \/>\n<meta property=\"og:description\" content=\"G\u00d6ZLEM HUKUK B\u00dcROSU Hukuk Alan\u0131nda 20+ Y\u0131ll\u0131k Deneyim G\u00f6zlem Hukuk B\u00fcrosu, vizyonu geni\u015f, deneyimli, dinamik avukat kadrosu ve personeli ile talepleriniz do\u011frultusunda \u00e7\u00f6z\u00fcm odakl\u0131 hukuki destek ve dan\u0131\u015fmanl\u0131k hizmeti vermek \u00fczere; do\u011fruluk ve d\u00fcr\u00fcstl\u00fck prensiplerine ba\u011fl\u0131 olarak adaletin sa\u011flanmas\u0131 inanc\u0131 \u00fczerine kurulmu\u015ftur. Bug\u00fcn geni\u015f bir \u00e7er\u00e7evede hukuk hizmeti veren G\u00f6zlem Hukuk B\u00fcrosu, en verimli \u015fekilde [&hellip;]\" \/>\n<meta property=\"og:url\" content=\"https:\/\/www.gozlemhukuk.com\/hukuk\/hakkimizda\/\" \/>\n<meta property=\"og:site_name\" content=\"G\u00f6zlem Hukuk B\u00fcrosu\" \/>\n<meta property=\"article:modified_time\" content=\"2022-10-24T03:33:36+00:00\" \/>\n<meta property=\"og:image\" content=\"https:\/\/www.gozlemhukuk.com\/hukuk\/wp-content\/uploads\/2021\/10\/figure77.png\" \/>\n<meta name=\"twitter:card\" content=\"summary_large_image\" \/>\n<meta name=\"twitter:label1\" content=\"Tahmini okuma s\u00fcresi\" \/>\n\t<meta name=\"twitter:data1\" content=\"1 dakika\" \/>\n<script type=\"application\/ld+json\" class=\"yoast-schema-graph\">{\"@context\":\"https:\/\/schema.org\",\"@graph\":[{\"@type\":\"WebPage\",\"@id\":\"https:\/\/www.gozlemhukuk.com\/hukuk\/hakkimizda\/\",\"url\":\"https:\/\/www.gozlemhukuk.com\/hukuk\/hakkimizda\/\",\"name\":\"Hakk\u0131m\u0131zda - G\u00f6zlem Hukuk B\u00fcrosu\",\"isPartOf\":{\"@id\":\"https:\/\/www.gozlemhukuk.com\/hukuk\/#website\"},\"datePublished\":\"2021-11-18T04:43:07+00:00\",\"dateModified\":\"2022-10-24T03:33:36+00:00\",\"breadcrumb\":{\"@id\":\"https:\/\/www.gozlemhukuk.com\/hukuk\/hakkimizda\/#breadcrumb\"},\"inLanguage\":\"tr\",\"potentialAction\":[{\"@type\":\"ReadAction\",\"target\":[\"https:\/\/www.gozlemhukuk.com\/hukuk\/hakkimizda\/\"]}]},{\"@type\":\"BreadcrumbList\",\"@id\":\"https:\/\/www.gozlemhukuk.com\/hukuk\/hakkimizda\/#breadcrumb\",\"itemListElement\":[{\"@type\":\"ListItem\",\"position\":1,\"name\":\"Anasayfa\",\"item\":\"https:\/\/www.gozlemhukuk.com\/hukuk\/\"},{\"@type\":\"ListItem\",\"position\":2,\"name\":\"Hakk\u0131m\u0131zda\"}]},{\"@type\":\"WebSite\",\"@id\":\"https:\/\/www.gozlemhukuk.com\/hukuk\/#website\",\"url\":\"https:\/\/www.gozlemhukuk.com\/hukuk\/\",\"name\":\"G\u00f6zlem Hukuk B\u00fcrosu\",\"description\":\"Hukuk B\u00fcrosu, Avukatl\u0131k B\u00fcrosu, Bo\u015fanma Avukat\u0131, Ceza Avukat\u0131, \u0130\u015f Avukat\u0131, \u0130cra Avukat\u0131, Ticari Avukat, Miras Avukat\u0131, Gayrimenkul Avukat\u0131, A\u011f\u0131r Ceza Avukat\u0131, Baro Avukat\u0131, \u0130\u015f\u00e7i Avukat\u0131, Aile Avukat\u0131, Kurum Avukat\u0131, Uzla\u015ft\u0131rmac\u0131, Arabulucu, Arabuluculuk, T\u00fcketici Haklar\u0131, Uyap Avukat, Avukat B\u00fcrosu, Dava Avukat\u0131, \u0130\u015fyeri Avukat\u0131, \u00d6zel Avukat, Vergi Avukat\u0131, Dan\u0131\u015fman Avukat,\",\"publisher\":{\"@id\":\"https:\/\/www.gozlemhukuk.com\/hukuk\/#organization\"},\"potentialAction\":[{\"@type\":\"SearchAction\",\"target\":{\"@type\":\"EntryPoint\",\"urlTemplate\":\"https:\/\/www.gozlemhukuk.com\/hukuk\/?s={search_term_string}\"},\"query-input\":\"required name=search_term_string\"}],\"inLanguage\":\"tr\"},{\"@type\":\"Organization\",\"@id\":\"https:\/\/www.gozlemhukuk.com\/hukuk\/#organization\",\"name\":\"G\u00f6zlem Hukuk B\u00fcrosu, Hukuk B\u00fcrosu, Avukatl\u0131k B\u00fcrosu, Bo\u015fanma Avukat\u0131, Ceza Avukat\u0131, \u0130\u015f Avukat\u0131, \u0130cra Avukat\u0131, Ticari Avukat, Miras Avukat\u0131, Gayrimenkul Avukat\u0131, A\u011f\u0131r Ceza Avukat\u0131, Baro Avukat\u0131, \u0130\u015f\u00e7i Avukat\u0131, Aile Avukat\u0131, Kurum Avukat\u0131, Uzla\u015ft\u0131rmac\u0131, Arabulucu, Arabuluculuk, T\u00fcketici Haklar\u0131, Uyap Avukat, Avukat B\u00fcrosu, Dava Avukat\u0131, \u0130\u015fyeri Avukat\u0131, \u00d6zel Avukat, Vergi Avukat\u0131, Dan\u0131\u015fman Avukat.\",\"url\":\"https:\/\/www.gozlemhukuk.com\/hukuk\/\",\"logo\":{\"@type\":\"ImageObject\",\"inLanguage\":\"tr\",\"@id\":\"https:\/\/www.gozlemhukuk.com\/hukuk\/#\/schema\/logo\/image\/\",\"url\":\"https:\/\/www.gozlemhukuk.com\/hukuk\/wp-content\/uploads\/2022\/10\/gozlem-hukuk-logo.png\",\"contentUrl\":\"https:\/\/www.gozlemhukuk.com\/hukuk\/wp-content\/uploads\/2022\/10\/gozlem-hukuk-logo.png\",\"width\":308,\"height\":79,\"caption\":\"G\u00f6zlem Hukuk B\u00fcrosu, Hukuk B\u00fcrosu, Avukatl\u0131k B\u00fcrosu, Bo\u015fanma Avukat\u0131, Ceza Avukat\u0131, \u0130\u015f Avukat\u0131, \u0130cra Avukat\u0131, Ticari Avukat, Miras Avukat\u0131, Gayrimenkul Avukat\u0131, A\u011f\u0131r Ceza Avukat\u0131, Baro Avukat\u0131, \u0130\u015f\u00e7i Avukat\u0131, Aile Avukat\u0131, Kurum Avukat\u0131, Uzla\u015ft\u0131rmac\u0131, Arabulucu, Arabuluculuk, T\u00fcketici Haklar\u0131, Uyap Avukat, Avukat B\u00fcrosu, Dava Avukat\u0131, \u0130\u015fyeri Avukat\u0131, \u00d6zel Avukat, Vergi Avukat\u0131, Dan\u0131\u015fman Avukat.\"},\"image\":{\"@id\":\"https:\/\/www.gozlemhukuk.com\/hukuk\/#\/schema\/logo\/image\/\"}}]}<\/script>\n<!-- \/ Yoast SEO plugin. -->","yoast_head_json":{"title":"Hakk\u0131m\u0131zda - G\u00f6zlem Hukuk B\u00fcrosu","robots":{"index":"index","follow":"follow","max-snippet":"max-snippet:-1","max-image-preview":"max-image-preview:large","max-video-preview":"max-video-preview:-1"},"canonical":"https:\/\/www.gozlemhukuk.com\/hukuk\/hakkimizda\/","og_locale":"tr_TR","og_type":"article","og_title":"Hakk\u0131m\u0131zda - G\u00f6zlem Hukuk B\u00fcrosu","og_description":"G\u00d6ZLEM HUKUK B\u00dcROSU Hukuk Alan\u0131nda 20+ Y\u0131ll\u0131k Deneyim G\u00f6zlem Hukuk B\u00fcrosu, vizyonu geni\u015f, deneyimli, dinamik avukat kadrosu ve personeli ile talepleriniz do\u011frultusunda \u00e7\u00f6z\u00fcm odakl\u0131 hukuki destek ve dan\u0131\u015fmanl\u0131k hizmeti vermek \u00fczere; do\u011fruluk ve d\u00fcr\u00fcstl\u00fck prensiplerine ba\u011fl\u0131 olarak adaletin sa\u011flanmas\u0131 inanc\u0131 \u00fczerine kurulmu\u015ftur. Bug\u00fcn geni\u015f bir \u00e7er\u00e7evede hukuk hizmeti veren G\u00f6zlem Hukuk B\u00fcrosu, en verimli \u015fekilde [&hellip;]","og_url":"https:\/\/www.gozlemhukuk.com\/hukuk\/hakkimizda\/","og_site_name":"G\u00f6zlem Hukuk B\u00fcrosu","article_modified_time":"2022-10-24T03:33:36+00:00","og_image":[{"url":"https:\/\/www.gozlemhukuk.com\/hukuk\/wp-content\/uploads\/2021\/10\/figure77.png"}],"twitter_card":"summary_large_image","twitter_misc":{"Tahmini okuma s\u00fcresi":"1 dakika"},"schema":{"@context":"https:\/\/schema.org","@graph":[{"@type":"WebPage","@id":"https:\/\/www.gozlemhukuk.com\/hukuk\/hakkimizda\/","url":"https:\/\/www.gozlemhukuk.com\/hukuk\/hakkimizda\/","name":"Hakk\u0131m\u0131zda - G\u00f6zlem Hukuk B\u00fcrosu","isPartOf":{"@id":"https:\/\/www.gozlemhukuk.com\/hukuk\/#website"},"datePublished":"2021-11-18T04:43:07+00:00","dateModified":"2022-10-24T03:33:36+00:00","breadcrumb":{"@id":"https:\/\/www.gozlemhukuk.com\/hukuk\/hakkimizda\/#breadcrumb"},"inLanguage":"tr","potentialAction":[{"@type":"ReadAction","target":["https:\/\/www.gozlemhukuk.com\/hukuk\/hakkimizda\/"]}]},{"@type":"BreadcrumbList","@id":"https:\/\/www.gozlemhukuk.com\/hukuk\/hakkimizda\/#breadcrumb","itemListElement":[{"@type":"ListItem","position":1,"name":"Anasayfa","item":"https:\/\/www.gozlemhukuk.com\/hukuk\/"},{"@type":"ListItem","position":2,"name":"Hakk\u0131m\u0131zda"}]},{"@type":"WebSite","@id":"https:\/\/www.gozlemhukuk.com\/hukuk\/#website","url":"https:\/\/www.gozlemhukuk.com\/hukuk\/","name":"G\u00f6zlem Hukuk B\u00fcrosu","description":"Hukuk B\u00fcrosu, Avukatl\u0131k B\u00fcrosu, Bo\u015fanma Avukat\u0131, Ceza Avukat\u0131, \u0130\u015f Avukat\u0131, \u0130cra Avukat\u0131, Ticari Avukat, Miras Avukat\u0131, Gayrimenkul Avukat\u0131, A\u011f\u0131r Ceza Avukat\u0131, Baro Avukat\u0131, \u0130\u015f\u00e7i Avukat\u0131, Aile Avukat\u0131, Kurum Avukat\u0131, Uzla\u015ft\u0131rmac\u0131, Arabulucu, Arabuluculuk, T\u00fcketici Haklar\u0131, Uyap Avukat, Avukat B\u00fcrosu, Dava Avukat\u0131, \u0130\u015fyeri Avukat\u0131, \u00d6zel Avukat, Vergi Avukat\u0131, Dan\u0131\u015fman Avukat,","publisher":{"@id":"https:\/\/www.gozlemhukuk.com\/hukuk\/#organization"},"potentialAction":[{"@type":"SearchAction","target":{"@type":"EntryPoint","urlTemplate":"https:\/\/www.gozlemhukuk.com\/hukuk\/?s={search_term_string}"},"query-input":"required name=search_term_string"}],"inLanguage":"tr"},{"@type":"Organization","@id":"https:\/\/www.gozlemhukuk.com\/hukuk\/#organization","name":"G\u00f6zlem Hukuk B\u00fcrosu, Hukuk B\u00fcrosu, Avukatl\u0131k B\u00fcrosu, Bo\u015fanma Avukat\u0131, Ceza Avukat\u0131, \u0130\u015f Avukat\u0131, \u0130cra Avukat\u0131, Ticari Avukat, Miras Avukat\u0131, Gayrimenkul Avukat\u0131, A\u011f\u0131r Ceza Avukat\u0131, Baro Avukat\u0131, \u0130\u015f\u00e7i Avukat\u0131, Aile Avukat\u0131, Kurum Avukat\u0131, Uzla\u015ft\u0131rmac\u0131, Arabulucu, Arabuluculuk, T\u00fcketici Haklar\u0131, Uyap Avukat, Avukat B\u00fcrosu, Dava Avukat\u0131, \u0130\u015fyeri Avukat\u0131, \u00d6zel Avukat, Vergi Avukat\u0131, Dan\u0131\u015fman Avukat.","url":"https:\/\/www.gozlemhukuk.com\/hukuk\/","logo":{"@type":"ImageObject","inLanguage":"tr","@id":"https:\/\/www.gozlemhukuk.com\/hukuk\/#\/schema\/logo\/image\/","url":"https:\/\/www.gozlemhukuk.com\/hukuk\/wp-content\/uploads\/2022\/10\/gozlem-hukuk-logo.png","contentUrl":"https:\/\/www.gozlemhukuk.com\/hukuk\/wp-content\/uploads\/2022\/10\/gozlem-hukuk-logo.png","width":308,"height":79,"caption":"G\u00f6zlem Hukuk B\u00fcrosu, Hukuk B\u00fcrosu, Avukatl\u0131k B\u00fcrosu, Bo\u015fanma Avukat\u0131, Ceza Avukat\u0131, \u0130\u015f Avukat\u0131, \u0130cra Avukat\u0131, Ticari Avukat, Miras Avukat\u0131, Gayrimenkul Avukat\u0131, A\u011f\u0131r Ceza Avukat\u0131, Baro Avukat\u0131, \u0130\u015f\u00e7i Avukat\u0131, Aile Avukat\u0131, Kurum Avukat\u0131, Uzla\u015ft\u0131rmac\u0131, Arabulucu, Arabuluculuk, T\u00fcketici Haklar\u0131, Uyap Avukat, Avukat B\u00fcrosu, Dava Avukat\u0131, \u0130\u015fyeri Avukat\u0131, \u00d6zel Avukat, Vergi Avukat\u0131, Dan\u0131\u015fman Avukat."},"image":{"@id":"https:\/\/www.gozlemhukuk.com\/hukuk\/#\/schema\/logo\/image\/"}}]}},"_links":{"self":[{"href":"https:\/\/www.gozlemhukuk.com\/hukuk\/wp-json\/wp\/v2\/pages\/4528","targetHints":{"allow":["GET"]}}],"collection":[{"href":"https:\/\/www.gozlemhukuk.com\/hukuk\/wp-json\/wp\/v2\/pages"}],"about":[{"href":"https:\/\/www.gozlemhukuk.com\/hukuk\/wp-json\/wp\/v2\/types\/page"}],"author":[{"embeddable":true,"href":"https:\/\/www.gozlemhukuk.com\/hukuk\/wp-json\/wp\/v2\/users\/1"}],"replies":[{"embeddable":true,"href":"https:\/\/www.gozlemhukuk.com\/hukuk\/wp-json\/wp\/v2\/comments?post=4528"}],"version-history":[{"count":21,"href":"https:\/\/www.gozlemhukuk.com\/hukuk\/wp-json\/wp\/v2\/pages\/4528\/revisions"}],"predecessor-version":[{"id":8550,"href":"https:\/\/www.gozlemhukuk.com\/hukuk\/wp-json\/wp\/v2\/pages\/4528\/revisions\/8550"}],"wp:attachment":[{"href":"https:\/\/www.gozlemhukuk.com\/hukuk\/wp-json\/wp\/v2\/media?parent=4528"}],"curies":[{"name":"wp","href":"https:\/\/api.w.org\/{rel}","templated":true}]}}