{"id":8367,"date":"2022-10-24T05:39:29","date_gmt":"2022-10-24T02:39:29","guid":{"rendered":"https:\/\/www.gozlemhukuk.com\/hukuk\/?page_id=8367"},"modified":"2022-10-24T05:44:39","modified_gmt":"2022-10-24T02:44:39","slug":"kat-mulkiyeti-hukuku","status":"publish","type":"page","link":"https:\/\/www.gozlemhukuk.com\/hukuk\/kat-mulkiyeti-hukuku\/","title":{"rendered":"Kat M\u00fclkiyeti Hukuku"},"content":{"rendered":"\t\t<div data-elementor-type=\"wp-page\" data-elementor-id=\"8367\" class=\"elementor elementor-8367\">\n\t\t\t\t\t\t\t\t\t<section class=\"elementor-section elementor-top-section elementor-element elementor-element-7842029 elementor-section-boxed elementor-section-height-default elementor-section-height-default rt-parallax-bg-no\" data-id=\"7842029\" data-element_type=\"section\">\n\t\t\t\t\t\t<div class=\"elementor-container elementor-column-gap-default\">\n\t\t\t\t\t<div class=\"elementor-column elementor-col-50 elementor-top-column elementor-element elementor-element-46e9bef\" data-id=\"46e9bef\" data-element_type=\"column\">\n\t\t\t<div class=\"elementor-widget-wrap elementor-element-populated\">\n\t\t\t\t\t\t\t\t<div class=\"elementor-element elementor-element-fd164a5 elementor-widget elementor-widget-text-editor\" data-id=\"fd164a5\" data-element_type=\"widget\" data-widget_type=\"text-editor.default\">\n\t\t\t\t<div class=\"elementor-widget-container\">\n\t\t\t<style>\/*! elementor - v3.8.0 - 30-10-2022 *\/\n.elementor-widget-text-editor.elementor-drop-cap-view-stacked .elementor-drop-cap{background-color:#818a91;color:#fff}.elementor-widget-text-editor.elementor-drop-cap-view-framed .elementor-drop-cap{color:#818a91;border:3px solid;background-color:transparent}.elementor-widget-text-editor:not(.elementor-drop-cap-view-default) .elementor-drop-cap{margin-top:8px}.elementor-widget-text-editor:not(.elementor-drop-cap-view-default) .elementor-drop-cap-letter{width:1em;height:1em}.elementor-widget-text-editor .elementor-drop-cap{float:left;text-align:center;line-height:1;font-size:50px}.elementor-widget-text-editor .elementor-drop-cap-letter{display:inline-block}<\/style>\t\t\t\t<h5><strong>S\u0130TE Y\u00d6NET\u0130M\u0130 VE KAT M\u00dcLK\u0130YET\u0130 KANUNU \u00c7ER\u00c7EVES\u0130NDE PROFESYONEL HUKUK\u0130 DANI\u015eMANLIK<\/strong><\/h5><p>G\u00f6zlem Hukuk B\u00fcrosu; kurulu\u015f tarihinden bu yana bir \u00e7ok site y\u00f6netimi nezdinde profesyonel hukuki destek sa\u011flamaktad\u0131r. Kat M\u00fclkiyeti Kanunlar\u0131 \u00e7er\u00e7evesinde site y\u00f6netimlerinin profesyonel olarak y\u00fcr\u00fct\u00fclmesi, aidat takipleri, ola\u011fan ve ola\u011fan\u00fcst\u00fc genel kurul toplant\u0131lar\u0131n\u0131n kanuna uygun bir \u015fekilde yap\u0131labilmesi i\u00e7in \u00f6n haz\u0131rl\u0131k s\u00fcre\u00e7lerinin takibi, ola\u011fan ve ola\u011fan\u00fcst\u00fc genel kurul toplant\u0131lar\u0131n bizzat avukatlar e\u015fli\u011finde ger\u00e7ekle\u015ftirilmesi, karar defterinin tutulmas\u0131 ve ilgili kay\u0131tlar\u0131n muhafazas\u0131, aidat \u00f6demelerine ili\u015fkin takip i\u015flemlerinin yap\u0131lmas\u0131, Kat M\u00fclkiyeti Hukukundan kaynaklan dava s\u00fcre\u00e7lerinin takibi gibi site y\u00f6netimlerinin dahil olabilece\u011fi her konuda hukuki deste\u011fin sa\u011flanmas\u0131 konular\u0131nda G\u00f6zlem Hukuk B\u00fcrosu tecr\u00fcbesi ve uzmanl\u0131\u011f\u0131 ile y\u0131llard\u0131r uzman kadrosu ile hizmet sunmaktad\u0131r.<\/p>\t\t\t\t\t\t<\/div>\n\t\t\t\t<\/div>\n\t\t\t\t<div class=\"elementor-element elementor-element-6a0dd25 elementor-widget elementor-widget-image\" data-id=\"6a0dd25\" data-element_type=\"widget\" data-widget_type=\"image.default\">\n\t\t\t\t<div class=\"elementor-widget-container\">\n\t\t\t<style>\/*! elementor - v3.8.0 - 30-10-2022 *\/\n.elementor-widget-image{text-align:center}.elementor-widget-image a{display:inline-block}.elementor-widget-image a img[src$=\".svg\"]{width:48px}.elementor-widget-image img{vertical-align:middle;display:inline-block}<\/style>\t\t\t\t\t\t\t\t\t\t\t\t<img loading=\"lazy\" decoding=\"async\" width=\"769\" height=\"413\" src=\"https:\/\/www.gozlemhukuk.com\/hukuk\/wp-content\/uploads\/2022\/10\/kat-mulkiyeti-hukuku-1.jpeg\" class=\"attachment-finbuzz-size1 size-finbuzz-size1\" alt=\"\" srcset=\"https:\/\/www.gozlemhukuk.com\/hukuk\/wp-content\/uploads\/2022\/10\/kat-mulkiyeti-hukuku-1.jpeg 769w, https:\/\/www.gozlemhukuk.com\/hukuk\/wp-content\/uploads\/2022\/10\/kat-mulkiyeti-hukuku-1-300x161.jpeg 300w\" sizes=\"auto, (max-width: 769px) 100vw, 769px\" \/>\t\t\t\t\t\t\t\t\t\t\t\t\t\t\t<\/div>\n\t\t\t\t<\/div>\n\t\t\t\t<div class=\"elementor-element elementor-element-9774077 elementor-widget elementor-widget-text-editor\" data-id=\"9774077\" data-element_type=\"widget\" data-widget_type=\"text-editor.default\">\n\t\t\t\t<div class=\"elementor-widget-container\">\n\t\t\t\t\t\t\t\t\t\t\t\t\t<\/div>\n\t\t\t\t<\/div>\n\t\t\t\t\t<\/div>\n\t\t<\/div>\n\t\t\t\t<div class=\"elementor-column elementor-col-50 elementor-top-column elementor-element elementor-element-2a320b6\" data-id=\"2a320b6\" data-element_type=\"column\">\n\t\t\t<div class=\"elementor-widget-wrap elementor-element-populated\">\n\t\t\t\t\t\t\t\t<div class=\"elementor-element elementor-element-dddc75f elementor-widget elementor-widget-sidebar\" data-id=\"dddc75f\" data-element_type=\"widget\" data-widget_type=\"sidebar.default\">\n\t\t\t\t<div class=\"elementor-widget-container\">\n\t\t\t<div id=\"nav_menu-6\" class=\"widget widget_nav_menu\"><div class=\"menu-service-menu-container\"><ul id=\"menu-service-menu\" class=\"menu\"><li id=\"menu-item-8285\" class=\"service-sidebar-menu menu-item menu-item-type-post_type menu-item-object-page menu-item-8285\"><a href=\"https:\/\/www.gozlemhukuk.com\/hukuk\/aile-hukuku\/\">Aile Hukuku<\/a><\/li>\n<li id=\"menu-item-8310\" class=\"service-sidebar-menu menu-item menu-item-type-post_type menu-item-object-page menu-item-8310\"><a href=\"https:\/\/www.gozlemhukuk.com\/hukuk\/isci-ve-isveren-hukuku\/\">\u0130\u015f\u00e7i ve \u0130\u015fveren Hukuku<\/a><\/li>\n<li id=\"menu-item-8320\" class=\"service-sidebar-menu menu-item menu-item-type-post_type menu-item-object-page menu-item-8320\"><a href=\"https:\/\/www.gozlemhukuk.com\/hukuk\/ceza-hukuku\/\">Ceza Hukuku<\/a><\/li>\n<li id=\"menu-item-8332\" class=\"service-sidebar-menu menu-item menu-item-type-post_type menu-item-object-page menu-item-8332\"><a href=\"https:\/\/www.gozlemhukuk.com\/hukuk\/vatandaslik-hukuku\/\">Vatanda\u015fl\u0131k Hukuku<\/a><\/li>\n<li id=\"menu-item-8345\" class=\"service-sidebar-menu menu-item menu-item-type-post_type menu-item-object-page menu-item-8345\"><a href=\"https:\/\/www.gozlemhukuk.com\/hukuk\/icra-ve-iflas-hukuku\/\">\u0130cra ve \u0130flas Hukuku<\/a><\/li>\n<li id=\"menu-item-8356\" class=\"service-sidebar-menu menu-item menu-item-type-post_type menu-item-object-page menu-item-8356\"><a href=\"https:\/\/www.gozlemhukuk.com\/hukuk\/miras-hukuku\/\">Miras Hukuku<\/a><\/li>\n<li id=\"menu-item-8366\" class=\"service-sidebar-menu menu-item menu-item-type-post_type menu-item-object-page menu-item-8366\"><a href=\"https:\/\/www.gozlemhukuk.com\/hukuk\/gayrimenkul-hukuku\/\">Gayrimenkul Hukuku<\/a><\/li>\n<li id=\"menu-item-8379\" class=\"service-sidebar-menu menu-item menu-item-type-post_type menu-item-object-page menu-item-8379\"><a href=\"https:\/\/www.gozlemhukuk.com\/hukuk\/kat-mulkiyeti-hukuku\/\">Kat M\u00fclkiyeti Hukuku<\/a><\/li>\n<li id=\"menu-item-8511\" class=\"service-sidebar-menu menu-item menu-item-type-custom menu-item-object-custom menu-item-8511\"><a href=\"https:\/\/arabuluculuk.gozlemhukuk.com\/\">Arabuluculuk Hizmetleri<\/a><\/li>\n<li id=\"menu-item-8512\" class=\"service-sidebar-menu menu-item menu-item-type-custom menu-item-object-custom menu-item-8512\"><a href=\"#\">Ticari Hukuk Dan\u0131\u015fmanl\u0131\u011f\u0131<\/a><\/li>\n<\/ul><\/div><\/div><div id=\"finbuzz_address-3\" class=\"widget widget_finbuzz_address\"><div class=\"rt-widget-title-holder\"><h3 class=\"widgettitle\">Bize Ula\u015f\u0131n<span class=\"titleinner\"><\/span><\/h3><\/div>\t\t<p class=\"rtin-des\"><\/p>\r\n\t\t<ul class=\"corporate-address\">\r\n\t\t\t<li><i class=\"fas fa-map-marker-alt\"><\/i>Bat\u0131k\u00f6y Mh, Mustafa Kemal Pa\u015fa Bulvar\u0131 No:4, Colorist Residence, B Blok, D:43 Mimaroba, B\u00fcy\u00fck\u00e7ekmece - \u0130stanbul - T\u00fcrkiye<\/li><li><i class=\"fas fa-phone-alt\"><\/i> <a href=\"tel:+90 212 863 40 40\">+90 212 863 40 40<\/a><\/li><li><i class=\"far fa-envelope\"><\/i> <a href=\"mailto:info@gozlemhukuk.com\">info@gozlemhukuk.com<\/a><\/li>\t\t<\/ul>\r\n\r\n\t\t<\/div>\t\t<\/div>\n\t\t\t\t<\/div>\n\t\t\t\t\t<\/div>\n\t\t<\/div>\n\t\t\t\t\t\t\t<\/div>\n\t\t<\/section>\n\t\t\t\t\t\t\t<\/div>\n\t\t","protected":false},"excerpt":{"rendered":"<p>S\u0130TE Y\u00d6NET\u0130M\u0130 VE KAT M\u00dcLK\u0130YET\u0130 KANUNU \u00c7ER\u00c7EVES\u0130NDE PROFESYONEL HUKUK\u0130 DANI\u015eMANLIK G\u00f6zlem Hukuk B\u00fcrosu; kurulu\u015f tarihinden bu yana bir \u00e7ok site y\u00f6netimi nezdinde profesyonel hukuki destek sa\u011flamaktad\u0131r. Kat M\u00fclkiyeti Kanunlar\u0131 \u00e7er\u00e7evesinde site y\u00f6netimlerinin profesyonel olarak y\u00fcr\u00fct\u00fclmesi, aidat takipleri, ola\u011fan ve ola\u011fan\u00fcst\u00fc genel kurul toplant\u0131lar\u0131n\u0131n kanuna uygun bir \u015fekilde yap\u0131labilmesi i\u00e7in \u00f6n haz\u0131rl\u0131k s\u00fcre\u00e7lerinin takibi, ola\u011fan ve [&hellip;]<\/p>\n","protected":false},"author":1,"featured_media":0,"parent":0,"menu_order":0,"comment_status":"closed","ping_status":"closed","template":"elementor_header_footer","meta":{"footnotes":""},"class_list":["post-8367","page","type-page","status-publish","hentry"],"yoast_head":"<!-- This site is optimized with the Yoast SEO plugin v19.9 - https:\/\/yoast.com\/wordpress\/plugins\/seo\/ -->\n<title>Kat M\u00fclkiyeti Hukuku - G\u00f6zlem Hukuk B\u00fcrosu<\/title>\n<meta name=\"robots\" content=\"index, follow, max-snippet:-1, max-image-preview:large, max-video-preview:-1\" \/>\n<link rel=\"canonical\" href=\"https:\/\/www.gozlemhukuk.com\/hukuk\/kat-mulkiyeti-hukuku\/\" \/>\n<meta property=\"og:locale\" content=\"tr_TR\" \/>\n<meta property=\"og:type\" content=\"article\" \/>\n<meta property=\"og:title\" content=\"Kat M\u00fclkiyeti Hukuku - G\u00f6zlem Hukuk B\u00fcrosu\" \/>\n<meta property=\"og:description\" content=\"S\u0130TE Y\u00d6NET\u0130M\u0130 VE KAT M\u00dcLK\u0130YET\u0130 KANUNU \u00c7ER\u00c7EVES\u0130NDE PROFESYONEL HUKUK\u0130 DANI\u015eMANLIK G\u00f6zlem Hukuk B\u00fcrosu; kurulu\u015f tarihinden bu yana bir \u00e7ok site y\u00f6netimi nezdinde profesyonel hukuki destek sa\u011flamaktad\u0131r. Kat M\u00fclkiyeti Kanunlar\u0131 \u00e7er\u00e7evesinde site y\u00f6netimlerinin profesyonel olarak y\u00fcr\u00fct\u00fclmesi, aidat takipleri, ola\u011fan ve ola\u011fan\u00fcst\u00fc genel kurul toplant\u0131lar\u0131n\u0131n kanuna uygun bir \u015fekilde yap\u0131labilmesi i\u00e7in \u00f6n haz\u0131rl\u0131k s\u00fcre\u00e7lerinin takibi, ola\u011fan ve [&hellip;]\" \/>\n<meta property=\"og:url\" content=\"https:\/\/www.gozlemhukuk.com\/hukuk\/kat-mulkiyeti-hukuku\/\" \/>\n<meta property=\"og:site_name\" content=\"G\u00f6zlem Hukuk B\u00fcrosu\" \/>\n<meta property=\"article:modified_time\" content=\"2022-10-24T02:44:39+00:00\" \/>\n<meta property=\"og:image\" content=\"https:\/\/www.gozlemhukuk.com\/hukuk\/wp-content\/uploads\/2022\/10\/kat-mulkiyeti-hukuku-1.jpeg\" \/>\n<meta name=\"twitter:card\" content=\"summary_large_image\" \/>\n<meta name=\"twitter:label1\" content=\"Tahmini okuma s\u00fcresi\" \/>\n\t<meta name=\"twitter:data1\" content=\"1 dakika\" \/>\n<script type=\"application\/ld+json\" class=\"yoast-schema-graph\">{\"@context\":\"https:\/\/schema.org\",\"@graph\":[{\"@type\":\"WebPage\",\"@id\":\"https:\/\/www.gozlemhukuk.com\/hukuk\/kat-mulkiyeti-hukuku\/\",\"url\":\"https:\/\/www.gozlemhukuk.com\/hukuk\/kat-mulkiyeti-hukuku\/\",\"name\":\"Kat M\u00fclkiyeti Hukuku - G\u00f6zlem Hukuk B\u00fcrosu\",\"isPartOf\":{\"@id\":\"https:\/\/www.gozlemhukuk.com\/hukuk\/#website\"},\"datePublished\":\"2022-10-24T02:39:29+00:00\",\"dateModified\":\"2022-10-24T02:44:39+00:00\",\"breadcrumb\":{\"@id\":\"https:\/\/www.gozlemhukuk.com\/hukuk\/kat-mulkiyeti-hukuku\/#breadcrumb\"},\"inLanguage\":\"tr\",\"potentialAction\":[{\"@type\":\"ReadAction\",\"target\":[\"https:\/\/www.gozlemhukuk.com\/hukuk\/kat-mulkiyeti-hukuku\/\"]}]},{\"@type\":\"BreadcrumbList\",\"@id\":\"https:\/\/www.gozlemhukuk.com\/hukuk\/kat-mulkiyeti-hukuku\/#breadcrumb\",\"itemListElement\":[{\"@type\":\"ListItem\",\"position\":1,\"name\":\"Anasayfa\",\"item\":\"https:\/\/www.gozlemhukuk.com\/hukuk\/\"},{\"@type\":\"ListItem\",\"position\":2,\"name\":\"Kat M\u00fclkiyeti Hukuku\"}]},{\"@type\":\"WebSite\",\"@id\":\"https:\/\/www.gozlemhukuk.com\/hukuk\/#website\",\"url\":\"https:\/\/www.gozlemhukuk.com\/hukuk\/\",\"name\":\"G\u00f6zlem Hukuk B\u00fcrosu\",\"description\":\"Hukuk B\u00fcrosu, Avukatl\u0131k B\u00fcrosu, Bo\u015fanma Avukat\u0131, Ceza Avukat\u0131, \u0130\u015f Avukat\u0131, \u0130cra Avukat\u0131, Ticari Avukat, Miras Avukat\u0131, Gayrimenkul Avukat\u0131, A\u011f\u0131r Ceza Avukat\u0131, Baro Avukat\u0131, \u0130\u015f\u00e7i Avukat\u0131, Aile Avukat\u0131, Kurum Avukat\u0131, Uzla\u015ft\u0131rmac\u0131, Arabulucu, Arabuluculuk, T\u00fcketici Haklar\u0131, Uyap Avukat, Avukat B\u00fcrosu, Dava Avukat\u0131, \u0130\u015fyeri Avukat\u0131, \u00d6zel Avukat, Vergi Avukat\u0131, Dan\u0131\u015fman Avukat,\",\"publisher\":{\"@id\":\"https:\/\/www.gozlemhukuk.com\/hukuk\/#organization\"},\"potentialAction\":[{\"@type\":\"SearchAction\",\"target\":{\"@type\":\"EntryPoint\",\"urlTemplate\":\"https:\/\/www.gozlemhukuk.com\/hukuk\/?s={search_term_string}\"},\"query-input\":\"required name=search_term_string\"}],\"inLanguage\":\"tr\"},{\"@type\":\"Organization\",\"@id\":\"https:\/\/www.gozlemhukuk.com\/hukuk\/#organization\",\"name\":\"G\u00f6zlem Hukuk B\u00fcrosu, Hukuk B\u00fcrosu, Avukatl\u0131k B\u00fcrosu, Bo\u015fanma Avukat\u0131, Ceza Avukat\u0131, \u0130\u015f Avukat\u0131, \u0130cra Avukat\u0131, Ticari Avukat, Miras Avukat\u0131, Gayrimenkul Avukat\u0131, A\u011f\u0131r Ceza Avukat\u0131, Baro Avukat\u0131, \u0130\u015f\u00e7i Avukat\u0131, Aile Avukat\u0131, Kurum Avukat\u0131, Uzla\u015ft\u0131rmac\u0131, Arabulucu, Arabuluculuk, T\u00fcketici Haklar\u0131, Uyap Avukat, Avukat B\u00fcrosu, Dava Avukat\u0131, \u0130\u015fyeri Avukat\u0131, \u00d6zel Avukat, Vergi Avukat\u0131, Dan\u0131\u015fman Avukat.\",\"url\":\"https:\/\/www.gozlemhukuk.com\/hukuk\/\",\"logo\":{\"@type\":\"ImageObject\",\"inLanguage\":\"tr\",\"@id\":\"https:\/\/www.gozlemhukuk.com\/hukuk\/#\/schema\/logo\/image\/\",\"url\":\"https:\/\/www.gozlemhukuk.com\/hukuk\/wp-content\/uploads\/2022\/10\/gozlem-hukuk-logo.png\",\"contentUrl\":\"https:\/\/www.gozlemhukuk.com\/hukuk\/wp-content\/uploads\/2022\/10\/gozlem-hukuk-logo.png\",\"width\":308,\"height\":79,\"caption\":\"G\u00f6zlem Hukuk B\u00fcrosu, Hukuk B\u00fcrosu, Avukatl\u0131k B\u00fcrosu, Bo\u015fanma Avukat\u0131, Ceza Avukat\u0131, \u0130\u015f Avukat\u0131, \u0130cra Avukat\u0131, Ticari Avukat, Miras Avukat\u0131, Gayrimenkul Avukat\u0131, A\u011f\u0131r Ceza Avukat\u0131, Baro Avukat\u0131, \u0130\u015f\u00e7i Avukat\u0131, Aile Avukat\u0131, Kurum Avukat\u0131, Uzla\u015ft\u0131rmac\u0131, Arabulucu, Arabuluculuk, T\u00fcketici Haklar\u0131, Uyap Avukat, Avukat B\u00fcrosu, Dava Avukat\u0131, \u0130\u015fyeri Avukat\u0131, \u00d6zel Avukat, Vergi Avukat\u0131, Dan\u0131\u015fman Avukat.\"},\"image\":{\"@id\":\"https:\/\/www.gozlemhukuk.com\/hukuk\/#\/schema\/logo\/image\/\"}}]}<\/script>\n<!-- \/ Yoast SEO plugin. -->","yoast_head_json":{"title":"Kat M\u00fclkiyeti Hukuku - G\u00f6zlem Hukuk B\u00fcrosu","robots":{"index":"index","follow":"follow","max-snippet":"max-snippet:-1","max-image-preview":"max-image-preview:large","max-video-preview":"max-video-preview:-1"},"canonical":"https:\/\/www.gozlemhukuk.com\/hukuk\/kat-mulkiyeti-hukuku\/","og_locale":"tr_TR","og_type":"article","og_title":"Kat M\u00fclkiyeti Hukuku - G\u00f6zlem Hukuk B\u00fcrosu","og_description":"S\u0130TE Y\u00d6NET\u0130M\u0130 VE KAT M\u00dcLK\u0130YET\u0130 KANUNU \u00c7ER\u00c7EVES\u0130NDE PROFESYONEL HUKUK\u0130 DANI\u015eMANLIK G\u00f6zlem Hukuk B\u00fcrosu; kurulu\u015f tarihinden bu yana bir \u00e7ok site y\u00f6netimi nezdinde profesyonel hukuki destek sa\u011flamaktad\u0131r. Kat M\u00fclkiyeti Kanunlar\u0131 \u00e7er\u00e7evesinde site y\u00f6netimlerinin profesyonel olarak y\u00fcr\u00fct\u00fclmesi, aidat takipleri, ola\u011fan ve ola\u011fan\u00fcst\u00fc genel kurul toplant\u0131lar\u0131n\u0131n kanuna uygun bir \u015fekilde yap\u0131labilmesi i\u00e7in \u00f6n haz\u0131rl\u0131k s\u00fcre\u00e7lerinin takibi, ola\u011fan ve [&hellip;]","og_url":"https:\/\/www.gozlemhukuk.com\/hukuk\/kat-mulkiyeti-hukuku\/","og_site_name":"G\u00f6zlem Hukuk B\u00fcrosu","article_modified_time":"2022-10-24T02:44:39+00:00","og_image":[{"url":"https:\/\/www.gozlemhukuk.com\/hukuk\/wp-content\/uploads\/2022\/10\/kat-mulkiyeti-hukuku-1.jpeg"}],"twitter_card":"summary_large_image","twitter_misc":{"Tahmini okuma s\u00fcresi":"1 dakika"},"schema":{"@context":"https:\/\/schema.org","@graph":[{"@type":"WebPage","@id":"https:\/\/www.gozlemhukuk.com\/hukuk\/kat-mulkiyeti-hukuku\/","url":"https:\/\/www.gozlemhukuk.com\/hukuk\/kat-mulkiyeti-hukuku\/","name":"Kat M\u00fclkiyeti Hukuku - G\u00f6zlem Hukuk B\u00fcrosu","isPartOf":{"@id":"https:\/\/www.gozlemhukuk.com\/hukuk\/#website"},"datePublished":"2022-10-24T02:39:29+00:00","dateModified":"2022-10-24T02:44:39+00:00","breadcrumb":{"@id":"https:\/\/www.gozlemhukuk.com\/hukuk\/kat-mulkiyeti-hukuku\/#breadcrumb"},"inLanguage":"tr","potentialAction":[{"@type":"ReadAction","target":["https:\/\/www.gozlemhukuk.com\/hukuk\/kat-mulkiyeti-hukuku\/"]}]},{"@type":"BreadcrumbList","@id":"https:\/\/www.gozlemhukuk.com\/hukuk\/kat-mulkiyeti-hukuku\/#breadcrumb","itemListElement":[{"@type":"ListItem","position":1,"name":"Anasayfa","item":"https:\/\/www.gozlemhukuk.com\/hukuk\/"},{"@type":"ListItem","position":2,"name":"Kat M\u00fclkiyeti Hukuku"}]},{"@type":"WebSite","@id":"https:\/\/www.gozlemhukuk.com\/hukuk\/#website","url":"https:\/\/www.gozlemhukuk.com\/hukuk\/","name":"G\u00f6zlem Hukuk B\u00fcrosu","description":"Hukuk B\u00fcrosu, Avukatl\u0131k B\u00fcrosu, Bo\u015fanma Avukat\u0131, Ceza Avukat\u0131, \u0130\u015f Avukat\u0131, \u0130cra Avukat\u0131, Ticari Avukat, Miras Avukat\u0131, Gayrimenkul Avukat\u0131, A\u011f\u0131r Ceza Avukat\u0131, Baro Avukat\u0131, \u0130\u015f\u00e7i Avukat\u0131, Aile Avukat\u0131, Kurum Avukat\u0131, Uzla\u015ft\u0131rmac\u0131, Arabulucu, Arabuluculuk, T\u00fcketici Haklar\u0131, Uyap Avukat, Avukat B\u00fcrosu, Dava Avukat\u0131, \u0130\u015fyeri Avukat\u0131, \u00d6zel Avukat, Vergi Avukat\u0131, Dan\u0131\u015fman Avukat,","publisher":{"@id":"https:\/\/www.gozlemhukuk.com\/hukuk\/#organization"},"potentialAction":[{"@type":"SearchAction","target":{"@type":"EntryPoint","urlTemplate":"https:\/\/www.gozlemhukuk.com\/hukuk\/?s={search_term_string}"},"query-input":"required name=search_term_string"}],"inLanguage":"tr"},{"@type":"Organization","@id":"https:\/\/www.gozlemhukuk.com\/hukuk\/#organization","name":"G\u00f6zlem Hukuk B\u00fcrosu, Hukuk B\u00fcrosu, Avukatl\u0131k B\u00fcrosu, Bo\u015fanma Avukat\u0131, Ceza Avukat\u0131, \u0130\u015f Avukat\u0131, \u0130cra Avukat\u0131, Ticari Avukat, Miras Avukat\u0131, Gayrimenkul Avukat\u0131, A\u011f\u0131r Ceza Avukat\u0131, Baro Avukat\u0131, \u0130\u015f\u00e7i Avukat\u0131, Aile Avukat\u0131, Kurum Avukat\u0131, Uzla\u015ft\u0131rmac\u0131, Arabulucu, Arabuluculuk, T\u00fcketici Haklar\u0131, Uyap Avukat, Avukat B\u00fcrosu, Dava Avukat\u0131, \u0130\u015fyeri Avukat\u0131, \u00d6zel Avukat, Vergi Avukat\u0131, Dan\u0131\u015fman Avukat.","url":"https:\/\/www.gozlemhukuk.com\/hukuk\/","logo":{"@type":"ImageObject","inLanguage":"tr","@id":"https:\/\/www.gozlemhukuk.com\/hukuk\/#\/schema\/logo\/image\/","url":"https:\/\/www.gozlemhukuk.com\/hukuk\/wp-content\/uploads\/2022\/10\/gozlem-hukuk-logo.png","contentUrl":"https:\/\/www.gozlemhukuk.com\/hukuk\/wp-content\/uploads\/2022\/10\/gozlem-hukuk-logo.png","width":308,"height":79,"caption":"G\u00f6zlem Hukuk B\u00fcrosu, Hukuk B\u00fcrosu, Avukatl\u0131k B\u00fcrosu, Bo\u015fanma Avukat\u0131, Ceza Avukat\u0131, \u0130\u015f Avukat\u0131, \u0130cra Avukat\u0131, Ticari Avukat, Miras Avukat\u0131, Gayrimenkul Avukat\u0131, A\u011f\u0131r Ceza Avukat\u0131, Baro Avukat\u0131, \u0130\u015f\u00e7i Avukat\u0131, Aile Avukat\u0131, Kurum Avukat\u0131, Uzla\u015ft\u0131rmac\u0131, Arabulucu, Arabuluculuk, T\u00fcketici Haklar\u0131, Uyap Avukat, Avukat B\u00fcrosu, Dava Avukat\u0131, \u0130\u015fyeri Avukat\u0131, \u00d6zel Avukat, Vergi Avukat\u0131, Dan\u0131\u015fman Avukat."},"image":{"@id":"https:\/\/www.gozlemhukuk.com\/hukuk\/#\/schema\/logo\/image\/"}}]}},"_links":{"self":[{"href":"https:\/\/www.gozlemhukuk.com\/hukuk\/wp-json\/wp\/v2\/pages\/8367","targetHints":{"allow":["GET"]}}],"collection":[{"href":"https:\/\/www.gozlemhukuk.com\/hukuk\/wp-json\/wp\/v2\/pages"}],"about":[{"href":"https:\/\/www.gozlemhukuk.com\/hukuk\/wp-json\/wp\/v2\/types\/page"}],"author":[{"embeddable":true,"href":"https:\/\/www.gozlemhukuk.com\/hukuk\/wp-json\/wp\/v2\/users\/1"}],"replies":[{"embeddable":true,"href":"https:\/\/www.gozlemhukuk.com\/hukuk\/wp-json\/wp\/v2\/comments?post=8367"}],"version-history":[{"count":7,"href":"https:\/\/www.gozlemhukuk.com\/hukuk\/wp-json\/wp\/v2\/pages\/8367\/revisions"}],"predecessor-version":[{"id":8378,"href":"https:\/\/www.gozlemhukuk.com\/hukuk\/wp-json\/wp\/v2\/pages\/8367\/revisions\/8378"}],"wp:attachment":[{"href":"https:\/\/www.gozlemhukuk.com\/hukuk\/wp-json\/wp\/v2\/media?parent=8367"}],"curies":[{"name":"wp","href":"https:\/\/api.w.org\/{rel}","templated":true}]}}